{"id":4683,"date":"2020-04-07T21:16:29","date_gmt":"2020-04-07T19:16:29","guid":{"rendered":"https:\/\/spanishteacher.pro\/massgeschneiderte-fortbildungskurse-fuer-lehrer-fuer-spanisch-als-fremdsprache\/"},"modified":"2020-04-18T17:17:30","modified_gmt":"2020-04-18T15:17:30","slug":"massgeschneiderte-fortbildungskurse-fuer-lehrer-fuer-spanisch-als-fremdsprache","status":"publish","type":"page","link":"https:\/\/spanishteacher.pro\/de\/massgeschneiderte-fortbildungskurse-fuer-lehrer-fuer-spanisch-als-fremdsprache\/","title":{"rendered":"MASSGESCHNEIDERTE FORTBILDUNGSKURSE F\u00dcR LEHRER F\u00dcR SPANISCH ALS FREMDSPRACHE"},"content":{"rendered":"<div class=\"wpb-content-wrapper\"><p>[vc_row css=&#8220;.vc_custom_1529688263758{padding-top: 80px !important;padding-bottom: 80px !important;}&#8220;][vc_column offset=&#8220;vc_col-lg-offset-0&#8243;]<div id=\"ultimate-heading-8526a03ab9cb89ce\" class=\"uvc-heading ult-adjust-bottom-margin ultimate-heading-8526a03ab9cb89ce uvc-2152 \" data-hspacer=\"no_spacer\"  data-halign=\"center\" style=\"text-align:center\"><div class=\"uvc-heading-spacer no_spacer\" style=\"top\"><\/div><div class=\"uvc-main-heading ult-responsive\"  data-ultimate-target='.uvc-heading.ultimate-heading-8526a03ab9cb89ce h2'  data-responsive-json-new='{\"font-size\":\"desktop:40px;\",\"line-height\":\"desktop:50px;\"}' ><h2 style=\"--font-weight:theme;margin-bottom:30px;\">MASSGESCHNEIDERTE FORTBILDUNGSKURSE F\u00dcR LEHRER F\u00dcR SPANISCH ALS FREMDSPRACHE<\/h2><\/div><div class=\"uvc-sub-heading ult-responsive\"  data-ultimate-target='.uvc-heading.ultimate-heading-8526a03ab9cb89ce .uvc-sub-heading '  data-responsive-json-new='{\"font-size\":\"desktop:20px;\",\"line-height\":\"desktop:32px;\"}'  style=\"font-weight:normal;\"><strong>Die <\/strong><em><strong>Fortbildungskurse \u00abPROFELE\u00bb f\u00fcr<\/strong><\/em> <em><strong>Lehrkr\u00e4fte f\u00fcr Spanisch als Fremdsprache (E\/LE) <\/strong><\/em> in Granada und Ja\u00e9n zielen darauf ab, Fachleute im Hinblick auf die derzeit vorherrschende kommunikative Methodologie f\u00fcr den Unterricht vorzubereiten.<\/div><\/div>[\/vc_column][\/vc_row][vc_row equal_height=&#8220;yes&#8220; css=&#8220;.vc_custom_1529691469812{padding-bottom: 20px !important;}&#8220;][vc_column css=&#8220;.vc_custom_1529671385255{background-position: center !important;background-repeat: no-repeat !important;background-size: cover !important;}&#8220;][vc_row_inner][vc_column_inner width=&#8220;1\/2&#8243; css=&#8220;.vc_custom_1529690942376{padding-bottom: 60px !important;}&#8220;]<style type=\"text\/css\" data-type=\"the7_shortcodes-inline-css\">.shortcode-single-image-wrap.shortcode-single-image-72682de06804cf4896a6796e63d046f6.enable-bg-rollover .rollover i,\n.shortcode-single-image-wrap.shortcode-single-image-72682de06804cf4896a6796e63d046f6.enable-bg-rollover .rollover-video i {\n  background: ;\n  background: -webkit-linear-gradient();\n  background: linear-gradient();\n}\n.shortcode-single-image-wrap.shortcode-single-image-72682de06804cf4896a6796e63d046f6 .rollover-icon {\n  font-size: 32px;\n  color: #ffffff;\n  min-width: 44px;\n  min-height: 44px;\n  line-height: 44px;\n  border-radius: 100px;\n  border-style: solid;\n  border-width: 0px;\n}\n.dt-icon-bg-on.shortcode-single-image-wrap.shortcode-single-image-72682de06804cf4896a6796e63d046f6 .rollover-icon {\n  background: rgba(255,255,255,0.3);\n  box-shadow: none;\n}<\/style><div class=\"shortcode-single-image-wrap shortcode-single-image-72682de06804cf4896a6796e63d046f6 alignnone  vc_custom_1529693761939 enable-bg-rollover dt-icon-bg-off\" ><div class=\"shortcode-single-image\"><div class=\"fancy-media-wrap  layzr-bg\" style=\"\"><img fetchpriority=\"high\" decoding=\"async\" class=\"preload-me lazy-load aspect\" src=\"data:image\/svg+xml,%3Csvg%20xmlns%3D&#039;http%3A%2F%2Fwww.w3.org%2F2000%2Fsvg&#039;%20viewBox%3D&#039;0%200%20600%20300&#039;%2F%3E\" data-src=\"https:\/\/spanishteacher.pro\/wp-content\/uploads\/2018\/06\/sl-event-54-600x300.jpg\" data-srcset=\"https:\/\/spanishteacher.pro\/wp-content\/uploads\/2018\/06\/sl-event-54-600x300.jpg 600w, https:\/\/spanishteacher.pro\/wp-content\/uploads\/2018\/06\/sl-event-54-1200x600.jpg 1200w\" loading=\"eager\" sizes=\"(max-width: 600px) 100vw, 600px\" width=\"600\" height=\"300\" data-dt-location=\"https:\/\/spanishteacher.pro\/de\/talleres-didacticos-de-espanol-para-extranjeros\/sl-event-54\/\" style=\"--ratio: 600 \/ 300;\" alt=\"\" title=\"\"><\/div><\/div><\/div><div id=\"ultimate-heading-43216a03ab9cba20b\" class=\"uvc-heading ult-adjust-bottom-margin ultimate-heading-43216a03ab9cba20b uvc-1195 accent-border-color\" data-hspacer=\"line_only\"  data-halign=\"left\" style=\"text-align:left\"><div class=\"uvc-main-heading ult-responsive\"  data-ultimate-target='.uvc-heading.ultimate-heading-43216a03ab9cba20b h2'  data-responsive-json-new='{\"font-size\":\"desktop:26px;\",\"line-height\":\"desktop:36px;\"}' ><h2 style=\"--font-weight:theme;margin-bottom:10px;\">WARUM?<\/h2><\/div><div class=\"uvc-heading-spacer line_only\" style=\"margin-bottom:30px;height:3px;\"><span class=\"uvc-headings-line\" style=\"border-style:solid;border-bottom-width:3px;border-color:#ccc;width:80px;\"><\/span><\/div><div class=\"uvc-sub-heading ult-responsive\"  data-ultimate-target='.uvc-heading.ultimate-heading-43216a03ab9cba20b .uvc-sub-heading '  data-responsive-json-new='{\"font-size\":\"\",\"line-height\":\"desktop:28px;\"}'  style=\"font-weight:normal;margin-bottom:0px;\">Spanisch ist \u2026<\/p>\n<ul>\n<li>die am drittmeisten gesprochene Sprache in der Welt<\/li>\n<li>die am zweitmeisten erlernte Sprache weltweit nach Englisch, nicht nur im Bereich der Bildungssysteme (Universit\u00e4ten, Grundschul- und Sekundarbildung) sondern auch im privaten Bereich;<\/li>\n<li>eine Sprache des internationalen Handelsverkehrs.<\/li>\n<\/ul>\n<p><\/div><\/div>[\/vc_column_inner][vc_column_inner width=&#8220;1\/2&#8243; css=&#8220;.vc_custom_1529690947515{padding-bottom: 60px !important;}&#8220;]<style type=\"text\/css\" data-type=\"the7_shortcodes-inline-css\">.shortcode-single-image-wrap.shortcode-single-image-96a65a7d1cd0ed02b41e014481538bf5.enable-bg-rollover .rollover i,\n.shortcode-single-image-wrap.shortcode-single-image-96a65a7d1cd0ed02b41e014481538bf5.enable-bg-rollover .rollover-video i {\n  background: ;\n  background: -webkit-linear-gradient();\n  background: linear-gradient();\n}\n.shortcode-single-image-wrap.shortcode-single-image-96a65a7d1cd0ed02b41e014481538bf5 .rollover-icon {\n  font-size: 32px;\n  color: #ffffff;\n  min-width: 44px;\n  min-height: 44px;\n  line-height: 44px;\n  border-radius: 100px;\n  border-style: solid;\n  border-width: 0px;\n}\n.dt-icon-bg-on.shortcode-single-image-wrap.shortcode-single-image-96a65a7d1cd0ed02b41e014481538bf5 .rollover-icon {\n  background: rgba(255,255,255,0.3);\n  box-shadow: none;\n}<\/style><div class=\"shortcode-single-image-wrap shortcode-single-image-96a65a7d1cd0ed02b41e014481538bf5 alignnone  vc_custom_1529693632084 enable-bg-rollover dt-icon-bg-off\" ><div class=\"shortcode-single-image\"><div class=\"fancy-media-wrap  layzr-bg\" style=\"\"><img decoding=\"async\" class=\"preload-me lazy-load aspect\" src=\"data:image\/svg+xml,%3Csvg%20xmlns%3D&#039;http%3A%2F%2Fwww.w3.org%2F2000%2Fsvg&#039;%20viewBox%3D&#039;0%200%20600%20300&#039;%2F%3E\" data-src=\"https:\/\/spanishteacher.pro\/wp-content\/uploads\/2018\/06\/sl-event-50-600x300.jpg\" data-srcset=\"https:\/\/spanishteacher.pro\/wp-content\/uploads\/2018\/06\/sl-event-50-600x300.jpg 600w, https:\/\/spanishteacher.pro\/wp-content\/uploads\/2018\/06\/sl-event-50-1200x600.jpg 1200w\" loading=\"eager\" sizes=\"(max-width: 600px) 100vw, 600px\" width=\"600\" height=\"300\" data-dt-location=\"https:\/\/spanishteacher.pro\/de\/talleres-didacticos-de-espanol-para-extranjeros\/sl-event-50\/\" style=\"--ratio: 600 \/ 300;\" alt=\"\" title=\"\"><\/div><\/div><\/div><div id=\"ultimate-heading-11436a03ab9cbafce\" class=\"uvc-heading ult-adjust-bottom-margin ultimate-heading-11436a03ab9cbafce uvc-5763 accent-border-color\" data-hspacer=\"line_only\"  data-halign=\"left\" style=\"text-align:left\"><div class=\"uvc-main-heading ult-responsive\"  data-ultimate-target='.uvc-heading.ultimate-heading-11436a03ab9cbafce h2'  data-responsive-json-new='{\"font-size\":\"desktop:26px;\",\"line-height\":\"desktop:36px;\"}' ><h2 style=\"--font-weight:theme;margin-bottom:10px;\">F\u00dcR WEN?<\/h2><\/div><div class=\"uvc-heading-spacer line_only\" style=\"margin-bottom:30px;height:3px;\"><span class=\"uvc-headings-line\" style=\"border-style:solid;border-bottom-width:3px;border-color:#ccc;width:80px;\"><\/span><\/div><div class=\"uvc-sub-heading ult-responsive\"  data-ultimate-target='.uvc-heading.ultimate-heading-11436a03ab9cbafce .uvc-sub-heading '  data-responsive-json-new='{\"font-size\":\"\",\"line-height\":\"desktop:28px;\"}'  style=\"font-weight:normal;\"><\/p>\n<ul>\n<li>f\u00fcr Menschen, die die Beherrschung der spanischen Sprache als eine Zusatzqualifikation f\u00fcr die Arbeitswelt sehen<\/li>\n<li>f\u00fcr Erasmus-Studenten und andere Stipendiaten, die ihren Auslandsaufenthalt nutzen m\u00f6chten, um Spanischunterricht zu erteilen<\/li>\n<li>f\u00fcr muttersprachliche und nichtmuttersprachliche Spanischlehrer, die einen Auffrischungskurs ben\u00f6tigen.<\/li>\n<\/ul>\n<p><\/div><\/div>[\/vc_column_inner][\/vc_row_inner][vc_row_inner][vc_column_inner width=&#8220;1\/2&#8243; css=&#8220;.vc_custom_1529690977033{padding-bottom: 60px !important;}&#8220;]<style type=\"text\/css\" data-type=\"the7_shortcodes-inline-css\">.shortcode-single-image-wrap.shortcode-single-image-d4aa11741bc74085ffe3f1ff3dcd2130.enable-bg-rollover .rollover i,\n.shortcode-single-image-wrap.shortcode-single-image-d4aa11741bc74085ffe3f1ff3dcd2130.enable-bg-rollover .rollover-video i {\n  background: ;\n  background: -webkit-linear-gradient();\n  background: linear-gradient();\n}\n.shortcode-single-image-wrap.shortcode-single-image-d4aa11741bc74085ffe3f1ff3dcd2130 .rollover-icon {\n  font-size: 32px;\n  color: #ffffff;\n  min-width: 44px;\n  min-height: 44px;\n  line-height: 44px;\n  border-radius: 100px;\n  border-style: solid;\n  border-width: 0px;\n}\n.dt-icon-bg-on.shortcode-single-image-wrap.shortcode-single-image-d4aa11741bc74085ffe3f1ff3dcd2130 .rollover-icon {\n  background: rgba(255,255,255,0.3);\n  box-shadow: none;\n}<\/style><div class=\"shortcode-single-image-wrap shortcode-single-image-d4aa11741bc74085ffe3f1ff3dcd2130 alignnone  vc_custom_1578882307954 enable-bg-rollover dt-icon-bg-off\" ><div class=\"shortcode-single-image\"><div class=\"fancy-media-wrap  layzr-bg\" style=\"\"><img decoding=\"async\" class=\"preload-me lazy-load aspect\" src=\"data:image\/svg+xml,%3Csvg%20xmlns%3D&#039;http%3A%2F%2Fwww.w3.org%2F2000%2Fsvg&#039;%20viewBox%3D&#039;0%200%20600%20300&#039;%2F%3E\" data-src=\"https:\/\/spanishteacher.pro\/wp-content\/uploads\/2020\/01\/man-in-suit-jacket-standing-beside-projector-screen-2173508-600x300.jpg\" data-srcset=\"https:\/\/spanishteacher.pro\/wp-content\/uploads\/2020\/01\/man-in-suit-jacket-standing-beside-projector-screen-2173508-600x300.jpg 600w, https:\/\/spanishteacher.pro\/wp-content\/uploads\/2020\/01\/man-in-suit-jacket-standing-beside-projector-screen-2173508-1200x600.jpg 1200w\" loading=\"eager\" sizes=\"(max-width: 600px) 100vw, 600px\" width=\"600\" height=\"300\" data-dt-location=\"https:\/\/spanishteacher.pro\/de\/espacio-aprendizaje-online\/man-in-suit-jacket-standing-beside-projector-screen-2173508\/\" style=\"--ratio: 600 \/ 300;\" alt=\"\" title=\"\"><\/div><\/div><\/div><div id=\"ultimate-heading-66436a03ab9cbc47a\" class=\"uvc-heading ult-adjust-bottom-margin ultimate-heading-66436a03ab9cbc47a uvc-8101 accent-border-color\" data-hspacer=\"line_only\"  data-halign=\"left\" style=\"text-align:left\"><div class=\"uvc-main-heading ult-responsive\"  data-ultimate-target='.uvc-heading.ultimate-heading-66436a03ab9cbc47a h2'  data-responsive-json-new='{\"font-size\":\"desktop:26px;\",\"line-height\":\"desktop:36px;\"}' ><h2 style=\"--font-weight:theme;margin-bottom:10px;\">THEORETISCH-PRAKTISCHE INHALTE<\/h2><\/div><div class=\"uvc-heading-spacer line_only\" style=\"margin-bottom:30px;height:3px;\"><span class=\"uvc-headings-line\" style=\"border-style:solid;border-bottom-width:3px;border-color:#ccc;width:80px;\"><\/span><\/div><div class=\"uvc-sub-heading ult-responsive\"  data-ultimate-target='.uvc-heading.ultimate-heading-66436a03ab9cbc47a .uvc-sub-heading '  data-responsive-json-new='{\"font-size\":\"\",\"line-height\":\"desktop:28px;\"}'  style=\"font-weight:normal;\">Das Programm unserer <strong><em>Fortbildungskurse f\u00fcr Lehrkr\u00e4fte f\u00fcr Spanisch als Fremdsprache (E\/LE)<\/em>kombiniert das praktische Studium von kommunikativen Strategien des Fremdsprachenerwerbs mit dem direkten Unterricht von Fremdsprachensch\u00fclern<\/strong>, wobei die vorher erworbenen methodischen Kenntnisse Anwendung finden.<\/p>\n<ul>\n<li>F\u00fcr Lehrkr\u00e4fte, die am Anfang ihrer T\u00e4tigkeit stehen, ist dies eine klare, konkrete und praktische Ausbildung;<\/li>\n<li>f\u00fcr diejenigen, die einen Auffrischungskurs oder mehr praktische Erfahrung ben\u00f6tigen, ist dies ein didaktischer Kurs, wo sich die Lehrkr\u00e4fte hinsichtlich neuer Aspekte der kommunikativen Methodologie auf den neuesten Standen bringen k\u00f6nnen.<\/li>\n<\/ul>\n<p>Wir haben ein theoretisch-praktisches Programm ausgearbeitet, dessen Ziel der Erwerb didaktischer Erfahrungen ist, welche die zuk\u00fcnftige Arbeit im Bereich Spanisch als Fremdsprache (E\/LE) erleichtern werden.<\/div><\/div>[\/vc_column_inner][vc_column_inner width=&#8220;1\/2&#8243;]<style type=\"text\/css\" data-type=\"the7_shortcodes-inline-css\">.shortcode-single-image-wrap.shortcode-single-image-4d17c0b918b126562ea077204ee51e80.enable-bg-rollover .rollover i,\n.shortcode-single-image-wrap.shortcode-single-image-4d17c0b918b126562ea077204ee51e80.enable-bg-rollover .rollover-video i {\n  background: ;\n  background: -webkit-linear-gradient();\n  background: linear-gradient();\n}\n.shortcode-single-image-wrap.shortcode-single-image-4d17c0b918b126562ea077204ee51e80 .rollover-icon {\n  font-size: 32px;\n  color: #ffffff;\n  min-width: 44px;\n  min-height: 44px;\n  line-height: 44px;\n  border-radius: 100px;\n  border-style: solid;\n  border-width: 0px;\n}\n.dt-icon-bg-on.shortcode-single-image-wrap.shortcode-single-image-4d17c0b918b126562ea077204ee51e80 .rollover-icon {\n  background: rgba(255,255,255,0.3);\n  box-shadow: none;\n}<\/style><div class=\"shortcode-single-image-wrap shortcode-single-image-4d17c0b918b126562ea077204ee51e80 alignnone  vc_custom_1529692676196 enable-bg-rollover dt-icon-bg-off\" ><div class=\"shortcode-single-image\"><div class=\"fancy-media-wrap  layzr-bg\" style=\"\"><img decoding=\"async\" class=\"preload-me lazy-load aspect\" src=\"data:image\/svg+xml,%3Csvg%20xmlns%3D&#039;http%3A%2F%2Fwww.w3.org%2F2000%2Fsvg&#039;%20viewBox%3D&#039;0%200%20600%20300&#039;%2F%3E\" data-src=\"https:\/\/spanishteacher.pro\/wp-content\/uploads\/2018\/06\/sl-event-41-600x300.jpg\" data-srcset=\"https:\/\/spanishteacher.pro\/wp-content\/uploads\/2018\/06\/sl-event-41-600x300.jpg 600w, https:\/\/spanishteacher.pro\/wp-content\/uploads\/2018\/06\/sl-event-41-1200x600.jpg 1200w\" loading=\"eager\" sizes=\"(max-width: 600px) 100vw, 600px\" width=\"600\" height=\"300\" data-dt-location=\"https:\/\/spanishteacher.pro\/de\/cursos-de-espanol-para-negocios\/sl-event-41\/\" style=\"--ratio: 600 \/ 300;\" alt=\"\" title=\"\"><\/div><\/div><\/div><div id=\"ultimate-heading-19016a03ab9cbd427\" class=\"uvc-heading ult-adjust-bottom-margin ultimate-heading-19016a03ab9cbd427 uvc-741 accent-border-color\" data-hspacer=\"line_only\"  data-halign=\"center\" style=\"text-align:center\"><div class=\"uvc-main-heading ult-responsive\"  data-ultimate-target='.uvc-heading.ultimate-heading-19016a03ab9cbd427 h2'  data-responsive-json-new='{\"font-size\":\"desktop:26px;\",\"line-height\":\"desktop:36px;\"}' ><h2 style=\"--font-weight:theme;margin-bottom:12px;\">STELLE FEST WAS EINE GUTE SPANISCHLEHRKRAFT AUSMACHT<\/h2><\/div><div class=\"uvc-heading-spacer line_only\" style=\"margin-bottom:30px;height:3px;\"><span class=\"uvc-headings-line\" style=\"border-style:solid;border-bottom-width:3px;border-color:#ccc;width:80px;\"><\/span><\/div><div class=\"uvc-sub-heading ult-responsive\"  data-ultimate-target='.uvc-heading.ultimate-heading-19016a03ab9cbd427 .uvc-sub-heading '  data-responsive-json-new='{\"font-size\":\"\",\"line-height\":\"desktop:28px;\"}'  style=\"font-weight:normal;\">Wei\u00dft du, wie du Spanisch unterrichtest? \/ Mit welchen Herausforderungen siehst du dich konfrontiert und welche Probleme hast du im Klassenzimmer?<\/p>\n<p>Nimm dir ein paar Minuten Zeit, beantworte die Fragen und wir werden deine Resultate auswerten und dir anschlie\u00dfend ein paar Vorschl\u00e4ge unterbreiten.<\/p>\n<p>Auf dieser Seite findest du zwei Tests zu den generellen Richtlinien einer guten Lehrkraft.<\/p>\n<p>Du kannst beide Tests machen und uns deine Antworten schicken. Das ist keine Selbsteinsch\u00e4tzung sondern eine Kontaktaufnahme.<\/p>\n<p><a href=\"https:\/\/docs.google.com\/forms\/d\/1zAbfNJ3ytMU_Ul64q8yvQwAVFJCbrseZNlyOmDIj3gI\/\" target=\"_blank\" rel=\"nofollow noopener noreferrer\">DIE 7 GRUNDVORAUSSETZUNGEN F\u00dcR EINE GUTE SPANISCHLEHRKRAFT<\/a><\/p>\n<p><a href=\"https:\/\/forms.gle\/3jTvQFtaf2WDHBLo6\" target=\"_blank\" rel=\"nofollow noopener noreferrer\">CHECK F\u00dcR LEHRKR\u00c4FTE F\u00dcR SPANISCH ALS FREMDSPRACHE (E\/LE)<\/a><\/div><\/div>[\/vc_column_inner][\/vc_row_inner][\/vc_column][\/vc_row]<\/p>\n<\/div>","protected":false},"excerpt":{"rendered":"<p>[vc_row css=&#8220;.vc_custom_1529688263758{padding-top: 80px !important;padding-bottom: 80px !important;}&#8220;][vc_column offset=&#8220;vc_col-lg-offset-0&#8243;][\/vc_column][\/vc_row][vc_row equal_height=&#8220;yes&#8220; css=&#8220;.vc_custom_1529691469812{padding-bottom: 20px !important;}&#8220;][vc_column css=&#8220;.vc_custom_1529671385255{background-position: center !important;background-repeat: no-repeat !important;background-size: cover !important;}&#8220;][vc_row_inner][vc_column_inner width=&#8220;1\/2&#8243; css=&#8220;.vc_custom_1529690942376{padding-bottom: 60px !important;}&#8220;][\/vc_column_inner][vc_column_inner width=&#8220;1\/2&#8243; css=&#8220;.vc_custom_1529690947515{padding-bottom: 60px !important;}&#8220;][\/vc_column_inner][\/vc_row_inner][vc_row_inner][vc_column_inner width=&#8220;1\/2&#8243; css=&#8220;.vc_custom_1529690977033{padding-bottom: 60px !important;}&#8220;][\/vc_column_inner][vc_column_inner width=&#8220;1\/2&#8243;][\/vc_column_inner][\/vc_row_inner][\/vc_column][\/vc_row]<\/p>\n","protected":false},"author":1,"featured_media":0,"parent":0,"menu_order":30,"comment_status":"closed","ping_status":"closed","template":"","meta":{"footnotes":""},"class_list":["post-4683","page","type-page","status-publish","hentry","description-off"],"_links":{"self":[{"href":"https:\/\/spanishteacher.pro\/de\/wp-json\/wp\/v2\/pages\/4683","targetHints":{"allow":["GET"]}}],"collection":[{"href":"https:\/\/spanishteacher.pro\/de\/wp-json\/wp\/v2\/pages"}],"about":[{"href":"https:\/\/spanishteacher.pro\/de\/wp-json\/wp\/v2\/types\/page"}],"author":[{"embeddable":true,"href":"https:\/\/spanishteacher.pro\/de\/wp-json\/wp\/v2\/users\/1"}],"replies":[{"embeddable":true,"href":"https:\/\/spanishteacher.pro\/de\/wp-json\/wp\/v2\/comments?post=4683"}],"version-history":[{"count":5,"href":"https:\/\/spanishteacher.pro\/de\/wp-json\/wp\/v2\/pages\/4683\/revisions"}],"predecessor-version":[{"id":4693,"href":"https:\/\/spanishteacher.pro\/de\/wp-json\/wp\/v2\/pages\/4683\/revisions\/4693"}],"wp:attachment":[{"href":"https:\/\/spanishteacher.pro\/de\/wp-json\/wp\/v2\/media?parent=4683"}],"curies":[{"name":"wp","href":"https:\/\/api.w.org\/{rel}","templated":true}]}}