{"id":4677,"date":"2020-04-07T20:57:21","date_gmt":"2020-04-07T18:57:21","guid":{"rendered":"https:\/\/spanishteacher.pro\/preise-fuer-online-spanischunterricht\/"},"modified":"2020-04-18T17:16:43","modified_gmt":"2020-04-18T15:16:43","slug":"preise-fuer-online-spanischunterricht","status":"publish","type":"page","link":"https:\/\/spanishteacher.pro\/de\/preise-fuer-online-spanischunterricht\/","title":{"rendered":"Preise f\u00fcr Online-Spanischunterricht"},"content":{"rendered":"<div class=\"wpb-content-wrapper\"><p>[vc_row css=&#8220;.vc_custom_1529688263758{padding-top: 80px !important;padding-bottom: 80px !important;}&#8220;][vc_column offset=&#8220;vc_col-lg-offset-0&#8243;]<div id=\"ultimate-heading-40226a03a4009648a\" class=\"uvc-heading ult-adjust-bottom-margin ultimate-heading-40226a03a4009648a uvc-9916 \" data-hspacer=\"no_spacer\"  data-halign=\"center\" style=\"text-align:center\"><div class=\"uvc-heading-spacer no_spacer\" style=\"top\"><\/div><div class=\"uvc-sub-heading ult-responsive\"  data-ultimate-target='.uvc-heading.ultimate-heading-40226a03a4009648a .uvc-sub-heading '  data-responsive-json-new='{\"font-size\":\"desktop:20px;\",\"line-height\":\"desktop:32px;\"}'  style=\"font-weight:normal;\">Lernen, f\u00f6rdern, verbessern, perfektionieren und erfrischen Sie Ihr Spanisch mit einer direkten, kommunikativen Lehrmethode. Ma\u00dfgeschneiderter Unterricht, je nach Ihren Zielen und Bed\u00fcrfnissen. Sprechen, H\u00f6ren, Lesen, Schreiben und Interagieren. Sie schlagen vor, wir schlagen vor. Wir passen uns Ihrer Zeit und Ihren beruflichen, sozialen und pers\u00f6nlichen Umst\u00e4nden an.<\/div><\/div><style type=\"text\/css\" data-type=\"the7_shortcodes-inline-css\">.shortcode-single-image-wrap.shortcode-single-image-364cc1c07647a9d3194161951a7868b5.enable-bg-rollover .rollover i,\n.shortcode-single-image-wrap.shortcode-single-image-364cc1c07647a9d3194161951a7868b5.enable-bg-rollover .rollover-video i {\n  background: ;\n  background: -webkit-linear-gradient();\n  background: linear-gradient();\n}\n.shortcode-single-image-wrap.shortcode-single-image-364cc1c07647a9d3194161951a7868b5 .rollover-icon {\n  font-size: 32px;\n  color: #ffffff;\n  min-width: 44px;\n  min-height: 44px;\n  line-height: 44px;\n  border-radius: 100px;\n  border-style: solid;\n  border-width: 0px;\n}\n.dt-icon-bg-on.shortcode-single-image-wrap.shortcode-single-image-364cc1c07647a9d3194161951a7868b5 .rollover-icon {\n  background: rgba(255,255,255,0.3);\n  box-shadow: none;\n}<\/style><div class=\"shortcode-single-image-wrap shortcode-single-image-364cc1c07647a9d3194161951a7868b5 alignnone  vc_custom_1580467777005 enable-bg-rollover dt-icon-bg-off\" ><div class=\"shortcode-single-image\"><div class=\"fancy-media-wrap  layzr-bg\" style=\"\"><img fetchpriority=\"high\" decoding=\"async\" class=\"preload-me lazy-load aspect\" src=\"data:image\/svg+xml,%3Csvg%20xmlns%3D&#039;http%3A%2F%2Fwww.w3.org%2F2000%2Fsvg&#039;%20viewBox%3D&#039;0%200%20512%20256&#039;%2F%3E\" data-src=\"https:\/\/spanishteacher.pro\/wp-content\/uploads\/2020\/01\/skype-logo-512x256.png\" data-srcset=\"https:\/\/spanishteacher.pro\/wp-content\/uploads\/2020\/01\/skype-logo-512x256.png 512w\" loading=\"eager\" sizes=\"(max-width: 512px) 100vw, 512px\" width=\"512\" height=\"256\" data-dt-location=\"https:\/\/spanishteacher.pro\/de\/precios\/skype-logo\/\" style=\"--ratio: 512 \/ 256;\" alt=\"\" title=\"\"><\/div><\/div><\/div><div id=\"ultimate-heading-766a03a40098190\" class=\"uvc-heading ult-adjust-bottom-margin ultimate-heading-766a03a40098190 uvc-2489 accent-border-color\" data-hspacer=\"line_only\"  data-halign=\"center\" style=\"text-align:center\"><div class=\"uvc-main-heading ult-responsive\"  data-ultimate-target='.uvc-heading.ultimate-heading-766a03a40098190 h3'  data-responsive-json-new='{\"font-size\":\"desktop:26px;\",\"line-height\":\"desktop:36px;\"}' ><h3 style=\"--font-weight:theme;margin-bottom:10px;\">Preise f\u00fcr Online-Kurse \u00fcber Skype<\/h3><\/div><div class=\"uvc-heading-spacer line_only\" style=\"margin-bottom:30px;height:3px;\"><span class=\"uvc-headings-line\" style=\"border-style:solid;border-bottom-width:3px;border-color:#ccc;width:80px;\"><\/span><\/div><div class=\"uvc-sub-heading ult-responsive\"  data-ultimate-target='.uvc-heading.ultimate-heading-766a03a40098190 .uvc-sub-heading '  data-responsive-json-new='{\"font-size\":\"\",\"line-height\":\"desktop:28px;\"}'  style=\"font-weight:normal;margin-bottom:0px;\">Unser Online-Spanischunterricht hat eine Gesamtdauer von 60 Minuten, wird online \u00fcber Skype gegeben und kostet 30\u20ac<\/div><\/div>[\/vc_column][\/vc_row]<\/p>\n<\/div>","protected":false},"excerpt":{"rendered":"<p>[vc_row css=&#8220;.vc_custom_1529688263758{padding-top: 80px !important;padding-bottom: 80px !important;}&#8220;][vc_column offset=&#8220;vc_col-lg-offset-0&#8243;][\/vc_column][\/vc_row]<\/p>\n","protected":false},"author":1,"featured_media":0,"parent":0,"menu_order":20,"comment_status":"closed","ping_status":"closed","template":"","meta":{"footnotes":""},"class_list":["post-4677","page","type-page","status-publish","hentry","description-off"],"_links":{"self":[{"href":"https:\/\/spanishteacher.pro\/de\/wp-json\/wp\/v2\/pages\/4677","targetHints":{"allow":["GET"]}}],"collection":[{"href":"https:\/\/spanishteacher.pro\/de\/wp-json\/wp\/v2\/pages"}],"about":[{"href":"https:\/\/spanishteacher.pro\/de\/wp-json\/wp\/v2\/types\/page"}],"author":[{"embeddable":true,"href":"https:\/\/spanishteacher.pro\/de\/wp-json\/wp\/v2\/users\/1"}],"replies":[{"embeddable":true,"href":"https:\/\/spanishteacher.pro\/de\/wp-json\/wp\/v2\/comments?post=4677"}],"version-history":[{"count":5,"href":"https:\/\/spanishteacher.pro\/de\/wp-json\/wp\/v2\/pages\/4677\/revisions"}],"predecessor-version":[{"id":4691,"href":"https:\/\/spanishteacher.pro\/de\/wp-json\/wp\/v2\/pages\/4677\/revisions\/4691"}],"wp:attachment":[{"href":"https:\/\/spanishteacher.pro\/de\/wp-json\/wp\/v2\/media?parent=4677"}],"curies":[{"name":"wp","href":"https:\/\/api.w.org\/{rel}","templated":true}]}}